{"id":212,"date":"2024-11-08T13:49:05","date_gmt":"2024-11-08T13:49:05","guid":{"rendered":"https:\/\/dantavares.tec.br\/home\/?page_id=212"},"modified":"2024-11-08T14:23:59","modified_gmt":"2024-11-08T14:23:59","slug":"pagina-de-ajuda","status":"publish","type":"page","link":"https:\/\/dantavares.tec.br\/home\/index.php\/pagina-de-ajuda\/","title":{"rendered":"P\u00e1gina de ajuda"},"content":{"rendered":"<p>Tem d\u00favidas sobre o uso do &#8220;Gerador de QRCode PIX&#8221;? espero que este pequeno tutorial tire todas as suas d\u00favidas, mas se mesmo assim voc\u00ea ainda tiver uma, entre em contato no fim da p\u00e1gina principal em &#8220;Entre em Contato&#8221;.<\/p>\n<ul>\n<li><strong>Formul\u00e1rio:<\/strong><\/li>\n<\/ul>\n<p style=\"padding-left: 40px;\">Para que seja poss\u00edvel gerar o QRCode PIX, por regra do Banco Central, \u00e9 obrigat\u00f3rio que haja pelo menos 3 campos: Chave PIX, Nome do recebedor e Cidade de origem:<\/p>\n<ul>\n<li style=\"list-style-type: none;\">\n<ul>\n<li><strong>Chave PIX:<\/strong> \u00c9 um dos tipos de chave permitida pelo Banco Central:\n<ul>\n<li><strong>Email:<\/strong> Deve estar no formato padr\u00e3o &#8220;nome@dominio&#8221;.<\/li>\n<li><strong>CPF ou CNPJ:<\/strong> Deve ser inserido somente os n\u00fameros (sem tra\u00e7os ou barra). Nestes campos, existe valida\u00e7\u00e3o por c\u00e1lculo do digito verificador.<\/li>\n<li><strong>Numero de Celular:<\/strong> Deve constar o c\u00f3digo do pa\u00eds (do Brasil \u00e9 +55), DDD e n\u00famero. Somente n\u00fameros, sem espa\u00e7o em branco, par\u00eanteses ou tra\u00e7o.<\/li>\n<\/ul>\n<\/li>\n<li><strong>Nome do Recebedor:<\/strong> \u00c9 o nome da pessoa que vai receber o dinheiro do PIX. N\u00e3o \u00e9 permitido caracteres especiais($%&amp;*@#) nem acentos. Somente letras e n\u00fameros.<\/li>\n<li><strong>Cidade de Origem:<\/strong> \u00c9 a cidade da pessoa que vai receber o dinheiro do PIX. tamb\u00e9m n\u00e3o\u00a0\u00e9 permitido caracteres especiais($%&amp;*@#) nem acentos. Somente letras e n\u00fameros.<\/li>\n<\/ul>\n<\/li>\n<\/ul>\n<p style=\"padding-left: 40px;\">Os outros campos como &#8220;Valor&#8221; e &#8220;Descri\u00e7\u00e3o&#8221; s\u00e3o opcionais, ou seja, voc\u00ea n\u00e3o precisa preencher, onde:<\/p>\n<ul>\n<li style=\"list-style-type: none;\">\n<ul>\n<li><strong>Valor:<\/strong> \u00c9 o valor do qual voc\u00ea deseja cobrar, caso voc\u00ea deixe como &#8220;0,00&#8221; a pessoa que vai pagar, deve inserir o valor a ser pago.<\/li>\n<li><strong>Descri\u00e7\u00e3o:<\/strong> \u00c9 um texto que vai aparecer na hora da pessoa pagar, pode ser o motivo pelo qual ela est\u00e1 sendo cobrada, por exemplo. Esse campo tamb\u00e9m s\u00f3 aceita letras e n\u00fameros.<\/li>\n<\/ul>\n<\/li>\n<\/ul>\n<p style=\"padding-left: 40px;\">Caso ap\u00f3s digitar o campo desejado, o mesmo fique vermelho h\u00e1 algum erro que deve ser revisado. Impedir que prossiga sem erros \u00e9 essencial, pois um QR-Code com erros \u00e9 in\u00fatil.<\/p>\n<ul>\n<li><em><strong>Sobre o <a href=\"https:\/\/dantavares.tec.br\/home\/index.php\/isencao-de-responsabilidade\/\">Termo de Isen\u00e7\u00e3o de Responsabilidade:<\/a><\/strong><\/em><\/li>\n<\/ul>\n<p style=\"padding-left: 40px;\">Quando lidamos com dinheiro (principalmente dinheiro dos outros) temos que ter muita responsabilidade. Apesar de eu ter certeza absoluta de que esse sistema n\u00e3o ir\u00e1 gerar preju\u00edzos para ningu\u00e9m, algumas pessoas podem n\u00e3o pensar desta forma. Por isso eu fui obrigado a quem quiser continuar com a gera\u00e7\u00e3o do QR-Code, clicar na caixa de texto onde diz que a pessoa leu e concordou com os termos. Ao clicar l\u00e1 voc\u00ea est\u00e1 concordando com os termos (voc\u00ea n\u00e3o \u00e9 obrigado a concordar), e s\u00f3 assim poder\u00e1 continuar. \u00c9 uma forma elegante, tecnol\u00f3gica e educada de, se caso a pessoa digite a chave pix errada ou o valor errado, e depois queira me culpar, eu poder <em>&#8220;Tirar o meu da reta&#8221;<\/em>.<\/p>\n<ul>\n<li><em><strong>Bot\u00e3o de Doa\u00e7\u00e3o:<\/strong><\/em><\/li>\n<\/ul>\n<p style=\"padding-left: 40px;\">Se voc\u00ea clicar nele, ser\u00e1 gerado um QR-Code com o meu PIX e um valor simb\u00f3lico de R$ 10,00 em agradecimento pelas v\u00e1rias horas(prazerosas) que eu perdi desenvolvendo esse sistema. Voc\u00ea \u00e9 livre pra usar e gerar quantos QR-Codes quiser, mas ficarei feliz e poderei at\u00e9 pensar em melhorar mais ainda esse sistema, caso receba alguma valoriza\u00e7\u00e3o do meu trabalho.<\/p>\n<p>Ap\u00f3s gerar o QR-Code, ainda h\u00e1 algumas op\u00e7\u00f5es bem \u00fateis, como:<\/p>\n<ul>\n<li><strong>Salvar o QR-Code no seu computador:<\/strong> Basta clicar na imagem, e ser\u00e1 feito o download do QR-Code no seu computador. S\u00f3 aconselho antes de voc\u00ea usa-lo nesse caso, testar antes.<\/li>\n<li><strong>C\u00f3digo PIX:<\/strong> Por tr\u00e1s do QR-Code, na verdade h\u00e1 um c\u00f3digo que somente o computador pode ler, que traduzindo \u00e9 uma linha de texto que ser\u00e1 interpretada pela institui\u00e7\u00e3o de pagamento para processar a transfer\u00eancia PIX. Nessa caixa de texto voc\u00ea pode visualizar esse c\u00f3digo gerado.<\/li>\n<li><strong>Copiar c\u00f3digo PIX:<\/strong> \u00c9 apenas uma maneira conveniente de copiar o c\u00f3digo da caixa de texto acima, para a \u00e1rea de transfer\u00eancia do seu computador \/ celular. Voc\u00ea pode usar esse c\u00f3digo nos chamados &#8220;PIX copia e Cola&#8221;, caso n\u00e3o queira usar o QR-Code em si, apenas o seu c\u00f3digo.<\/li>\n<li><strong>Compartilhar c\u00f3digo PIX no WhatsApp:<\/strong>\u00a0\u00c9 outra maneira conveniente de usar o c\u00f3digo do QR-Code, s\u00f3 que utilizando o WhatsApp. Basta selecionar o contato do qual voc\u00ea quer enviar o c\u00f3digo, e ele ser\u00e1 enviado para pessoa que voc\u00ea escolheu. \u00c9 \u00f3bvio que voc\u00ea precisa ter um whats app instalado e ativo no seu dispositivo.<\/li>\n<li><strong>Gerar um link curto desta p\u00e1gina:<\/strong> Caso voc\u00ea queria compartilhar essa p\u00e1gina com outra pessoa, ou apenas queira salva-la para uso posterior, voc\u00ea pode gerar um link, que pode ser salvo ou enviado para outra pessoa. Ap\u00f3s gerado o link, clique nele para copiar na sua \u00e1rea de transfer\u00eancia, e cole onde quiser. S\u00f3 quero reiterar que para gerar esse link, eu uso uma API de terceiro, sendo assim caso n\u00e3o funcione eu posso n\u00e3o estar ciente disso. Caso isso aconte\u00e7a, por favor, entre em contato comigo pela p\u00e1gina principal.<\/li>\n<\/ul>\n<p>Acredito que essas informa\u00e7\u00f5es sejam o suficiente para sanar qualquer d\u00favida, mas como disse anteriormente, se mesmo assim tiver d\u00favidas, entre em contato comigo.<\/p>\n<p>Essa \u00e9 uma lista dos Bancos \/ Institui\u00e7\u00f5es de pagamento, do qual eu j\u00e1 testei e n\u00e3o houve qualquer erro, ou houve erro e eu j\u00e1 arrumei. Apesar do c\u00f3digo ser gerado de forma dogm\u00e1tica \u00e0 documenta\u00e7\u00e3o do BRCode do Banco Central, algumas institui\u00e7\u00f5es seguem suas pr\u00f3prias regras (assim como o Banco INTER), que pode abortar o processo de transfer\u00eancia, <strong>isso n\u00e3o quer dizer que voc\u00ea perder\u00e1 dinheiro<\/strong>, apenas a transfer\u00eancia n\u00e3o ocorrer\u00e1, e o QR-Code \u00e9 in\u00fatil. \u00c9 por isso que \u00e9 importante voc\u00ea testar o QR-Code antes de imprimir ou fazer uma plaquinha. Aqui est\u00e1 a lista:<\/p>\n<ul>\n<li>NuBank<\/li>\n<li>INTER<\/li>\n<li>PicPay<\/li>\n<li>Santander<\/li>\n<li>ITAU Unibanco<\/li>\n<li>InfinitePay<\/li>\n<li>CAIXA<\/li>\n<li>Mercado Pago<\/li>\n<li>Pag Seguro<\/li>\n<li><span>C6 Bank<\/span><\/li>\n<\/ul>\n<p>Por ter sido testado em v\u00e1rias plataformas, esse sistema <strong>\u00e9 um dos mais precisos e funcional da atualidade<\/strong>. Por isso, caso voc\u00ea tenha usado com sucesso em alguma plataforma n\u00e3o citada na lista, entre em contato para eu atualizar essa lista.<\/p>\n","protected":false},"excerpt":{"rendered":"<p>Tem d\u00favidas sobre o uso do &#8220;Gerador de QRCode PIX&#8221;? espero que este pequeno tutorial tire todas as suas d\u00favidas, mas se mesmo assim voc\u00ea ainda tiver uma, entre em contato no fim da p\u00e1gina principal em &#8220;Entre em Contato&#8221;. Formul\u00e1rio: Para que seja poss\u00edvel gerar o QRCode PIX, por [&hellip;]<\/p>\n","protected":false},"author":1,"featured_media":0,"parent":0,"menu_order":0,"comment_status":"closed","ping_status":"closed","template":"","meta":{"footnotes":""},"class_list":["post-212","page","type-page","status-publish","hentry"],"_links":{"self":[{"href":"https:\/\/dantavares.tec.br\/home\/index.php\/wp-json\/wp\/v2\/pages\/212","targetHints":{"allow":["GET"]}}],"collection":[{"href":"https:\/\/dantavares.tec.br\/home\/index.php\/wp-json\/wp\/v2\/pages"}],"about":[{"href":"https:\/\/dantavares.tec.br\/home\/index.php\/wp-json\/wp\/v2\/types\/page"}],"author":[{"embeddable":true,"href":"https:\/\/dantavares.tec.br\/home\/index.php\/wp-json\/wp\/v2\/users\/1"}],"replies":[{"embeddable":true,"href":"https:\/\/dantavares.tec.br\/home\/index.php\/wp-json\/wp\/v2\/comments?post=212"}],"version-history":[{"count":9,"href":"https:\/\/dantavares.tec.br\/home\/index.php\/wp-json\/wp\/v2\/pages\/212\/revisions"}],"predecessor-version":[{"id":221,"href":"https:\/\/dantavares.tec.br\/home\/index.php\/wp-json\/wp\/v2\/pages\/212\/revisions\/221"}],"wp:attachment":[{"href":"https:\/\/dantavares.tec.br\/home\/index.php\/wp-json\/wp\/v2\/media?parent=212"}],"curies":[{"name":"wp","href":"https:\/\/api.w.org\/{rel}","templated":true}]}}