{"id":210,"date":"2024-11-07T14:07:07","date_gmt":"2024-11-07T14:07:07","guid":{"rendered":"https:\/\/dantavares.tec.br\/home\/?page_id=210"},"modified":"2024-11-07T14:11:18","modified_gmt":"2024-11-07T14:11:18","slug":"isencao-de-responsabilidade","status":"publish","type":"page","link":"https:\/\/dantavares.tec.br\/home\/index.php\/isencao-de-responsabilidade\/","title":{"rendered":"Termo de Isen\u00e7\u00e3o de Responsabilidade"},"content":{"rendered":"<p align=\"center\"><span style=\"font-family: Liberation Sans, sans-serif;\"><span style=\"font-size: xx-large;\"><b>Termo de Isen\u00e7\u00e3o de Responsabilidade<\/b><\/span><\/span><\/p>\n<p align=\"left\"><span style=\"font-size: large;\">Antes de mais nada, quero que voc\u00ea entenda algumas coisinhas:<\/span><\/p>\n<ol>\n<li>\n<p align=\"justify\"><span style=\"font-size: large;\">Esse sistema n\u00e3o tem nenhuma liga\u00e7\u00e3o com nenhum banco, toda programa\u00e7\u00e3o foi baseada na <a href=\"https:\/\/www.bcb.gov.br\/content\/estabilidadefinanceira\/spb_docs\/ManualBRCode.pdf\">documenta\u00e7\u00e3o oficial do BRCode<\/a>, e todos os dados s\u00e3o computados localmente no servidor. Nenhuma informa\u00e7\u00e3o \u00e9 exportada ou armazenada, n\u00e3o h\u00e1 sequer banco de dados lincado. Tem d\u00favidas? Verifique o c\u00f3digo fonte <a href=\"https:\/\/github.com\/dantavares\/make-qrcode-pix\">aqui<\/a>.<\/span><\/p>\n<\/li>\n<li>\n<p align=\"justify\"><span style=\"font-size: large;\">Por mais que eu tenha testado exaustivamente esse sistema, ainda assim n\u00e3o posso garantir com 100% de certeza que o QR-Code gerado funcionar\u00e1, (99% das vezes sim), mas mesmo que ele tenha sido gerado com erro, o sistema PIX \u00e9 seguro e n\u00e3o permitir\u00e1 que a transa\u00e7\u00e3o se conclua. Por isso a \u00fanica forma de voc\u00ea perder dinheiro, \u00e9 por um <b>ERRO SEU!<\/b><\/span><\/p>\n<\/li>\n<li>\n<p align=\"justify\"><span style=\"font-size: large;\">\u00c9 de sua total responsabilidade testar o QR-Code gerado, por mais que um QR-Code ruim seja ignorado pelos apps de banco, se voc\u00ea investiu muita confian\u00e7a nele, n\u00e3o custa nada ver se ele funciona corretamente escaneando voc\u00ea mesmo no seu app do banco.<\/span><\/p>\n<\/li>\n<li>\n<p align=\"justify\"><span style=\"font-size: large;\">Deixo claro aqui que minha inten\u00e7\u00e3o ao desenvolver esse sistema, \u00e9 por puro hobby, e n\u00e3o pretendo ganhar nada com isso, <b>muito menos roubar ningu\u00e9m<\/b>. Mas se mesmo assim ele foi \u00fatil pra voc\u00ea de alguma forma, eu aceito uma doa\u00e7\u00e3o!<\/span><\/p>\n<\/li>\n<li>\n<p align=\"justify\"><span style=\"font-size: large;\">Por fim, venho reiterar aqui, depois de todos esses fatos, que se voc\u00ea perder dinheiro, seu computador derreter, seu celular for possu\u00eddo pelo dem\u00f4nio ou a Pol\u00edcia Federal invadir sua casa, sinceramente <b>N\u00c3O \u00c9 PROBLEMA MEU!<\/b><\/span><\/p>\n<\/li>\n<\/ol>\n<p align=\"justify\"><span style=\"font-size: large;\">Sendo assim, eu me isento de qualquer responsabilidade, por qualquer uso errado deste sistema, ou por qualquer dolo que ele possa ter causado.<\/span><\/p>\n","protected":false},"excerpt":{"rendered":"<p>Termo de Isen\u00e7\u00e3o de Responsabilidade Antes de mais nada, quero que voc\u00ea entenda algumas coisinhas: Esse sistema n\u00e3o tem nenhuma liga\u00e7\u00e3o com nenhum banco, toda programa\u00e7\u00e3o foi baseada na documenta\u00e7\u00e3o oficial do BRCode, e todos os dados s\u00e3o computados localmente no servidor. Nenhuma informa\u00e7\u00e3o \u00e9 exportada ou armazenada, n\u00e3o h\u00e1 [&hellip;]<\/p>\n","protected":false},"author":1,"featured_media":0,"parent":0,"menu_order":0,"comment_status":"closed","ping_status":"closed","template":"","meta":{"footnotes":""},"class_list":["post-210","page","type-page","status-publish","hentry"],"_links":{"self":[{"href":"https:\/\/dantavares.tec.br\/home\/index.php\/wp-json\/wp\/v2\/pages\/210","targetHints":{"allow":["GET"]}}],"collection":[{"href":"https:\/\/dantavares.tec.br\/home\/index.php\/wp-json\/wp\/v2\/pages"}],"about":[{"href":"https:\/\/dantavares.tec.br\/home\/index.php\/wp-json\/wp\/v2\/types\/page"}],"author":[{"embeddable":true,"href":"https:\/\/dantavares.tec.br\/home\/index.php\/wp-json\/wp\/v2\/users\/1"}],"replies":[{"embeddable":true,"href":"https:\/\/dantavares.tec.br\/home\/index.php\/wp-json\/wp\/v2\/comments?post=210"}],"version-history":[{"count":1,"href":"https:\/\/dantavares.tec.br\/home\/index.php\/wp-json\/wp\/v2\/pages\/210\/revisions"}],"predecessor-version":[{"id":211,"href":"https:\/\/dantavares.tec.br\/home\/index.php\/wp-json\/wp\/v2\/pages\/210\/revisions\/211"}],"wp:attachment":[{"href":"https:\/\/dantavares.tec.br\/home\/index.php\/wp-json\/wp\/v2\/media?parent=210"}],"curies":[{"name":"wp","href":"https:\/\/api.w.org\/{rel}","templated":true}]}}